{"id":2,"date":"2019-07-09T15:01:09","date_gmt":"2019-07-09T13:01:09","guid":{"rendered":"http:\/\/localhost:8888\/Gemmologie-IR\/WEB2019\/?page_id=2"},"modified":"2023-08-21T10:43:26","modified_gmt":"2023-08-21T08:43:26","slug":"accueil","status":"publish","type":"page","link":"https:\/\/ir-gemmology.ch\/","title":{"rendered":"Accueil"},"content":{"rendered":"<p style=\"text-align: center;\"><br \/><img loading=\"lazy\" decoding=\"async\" class=\"wp-image-2219 alignnone\" src=\"https:\/\/ir-gemmology.ch\/wp-content\/uploads\/2022\/09\/ZELDA-1-300x208.png\" alt=\"\" width=\"372\" height=\"258\" srcset=\"https:\/\/ir-gemmology.ch\/wp-content\/uploads\/2022\/09\/ZELDA-1-300x208.png 300w, https:\/\/ir-gemmology.ch\/wp-content\/uploads\/2022\/09\/ZELDA-1-768x532.png 768w, https:\/\/ir-gemmology.ch\/wp-content\/uploads\/2022\/09\/ZELDA-1-600x415.png 600w, https:\/\/ir-gemmology.ch\/wp-content\/uploads\/2022\/09\/ZELDA-1.png 933w\" sizes=\"auto, (max-width: 372px) 100vw, 372px\" \/><\/p>\r\n<p>&nbsp;<\/p>\r\n<p>&nbsp;<\/p>\r\n<p>Gemmologue dipl\u00f4m\u00e9e <span style=\"color: #0000ff;\">(HRD)<\/span>, experte en diamant \u00ab\u00a0Certified Diamond Grader\u00a0\u00bb <span style=\"color: #0000ff;\">(HRD)<\/span> et dipl\u00f4m\u00e9e de l&rsquo;<span style=\"color: #0000ff;\">Universit\u00e9 de Nantes<\/span> en gemmologie de laboratoire <span style=\"color: #0000ff;\">(DUG)<\/span>, nous expertisons vos pierres pr\u00e9cieuses, fines et ornementales, ainsi que les pierres de collection. Parall\u00e8lement, nous r\u00e9alisons l\u2019expertise de vos bijoux en vue de les assurer ou encore dans le cadre d\u2019une succession ou d\u2019une vente.<\/p>\r\n<p>Dans notre shop, vous trouverez une gamme de pi\u00e8ces de joaillerie (bagues, boucles d&rsquo;oreilles, bracelets&#8230;). Nous vous proposons \u00e9galement des pierres pr\u00e9cieuses, fines et ornementales de\u00a0 grande qualit\u00e9 qui peuvent \u00eatre mont\u00e9es en bijoux.\u00a0<\/p>\r\n<p>Service personnalis\u00e9 et privil\u00e9gi\u00e9, n\u2019h\u00e9sitez pas \u00e0 prendre contact avec nous. Pour tout renseignement compl\u00e9mentaire ou toutes questions \u00e9ventuelles, nous donnerons suite \u00e0 votre demande dans les meilleurs d\u00e9lais<\/p>\r\n","protected":false},"excerpt":{"rendered":"<p>&nbsp; &nbsp; Gemmologue dipl\u00f4m\u00e9e (HRD), experte en diamant \u00ab\u00a0Certified Diamond Grader\u00a0\u00bb (HRD) et dipl\u00f4m\u00e9e de l&rsquo;Universit\u00e9 de Nantes en gemmologie de laboratoire (DUG), nous expertisons vos pierres pr\u00e9cieuses, fines et ornementales, ainsi que les pierres de collection. Parall\u00e8lement, nous r\u00e9alisons l\u2019expertise de vos bijoux en vue de les assurer ou encore dans le cadre d\u2019une [&hellip;]<\/p>\n","protected":false},"author":1,"featured_media":0,"parent":0,"menu_order":0,"comment_status":"closed","ping_status":"open","template":"","meta":{"_acf_changed":false,"footnotes":""},"class_list":["post-2","page","type-page","status-publish","hentry"],"acf":[],"yoast_head":"<!-- This site is optimized with the Yoast SEO plugin v27.6 - https:\/\/yoast.com\/product\/yoast-seo-wordpress\/ -->\n<title>Accueil - IR-Gemmology<\/title>\n<meta name=\"robots\" content=\"index, follow, max-snippet:-1, max-image-preview:large, max-video-preview:-1\" \/>\n<link rel=\"canonical\" href=\"https:\/\/ir-gemmology.ch\/\" \/>\n<meta property=\"og:locale\" content=\"fr_FR\" \/>\n<meta property=\"og:type\" content=\"article\" \/>\n<meta property=\"og:title\" content=\"Accueil - IR-Gemmology\" \/>\n<meta property=\"og:description\" content=\"&nbsp; &nbsp; Gemmologue dipl\u00f4m\u00e9e (HRD), experte en diamant \u00ab\u00a0Certified Diamond Grader\u00a0\u00bb (HRD) et dipl\u00f4m\u00e9e de l&rsquo;Universit\u00e9 de Nantes en gemmologie de laboratoire (DUG), nous expertisons vos pierres pr\u00e9cieuses, fines et ornementales, ainsi que les pierres de collection. Parall\u00e8lement, nous r\u00e9alisons l\u2019expertise de vos bijoux en vue de les assurer ou encore dans le cadre d\u2019une [&hellip;]\" \/>\n<meta property=\"og:url\" content=\"https:\/\/ir-gemmology.ch\/\" \/>\n<meta property=\"og:site_name\" content=\"IR-Gemmology\" \/>\n<meta property=\"article:publisher\" content=\"https:\/\/www.facebook.com\/pg\/ingagem\/about\/?ref=page_internal\" \/>\n<meta property=\"article:modified_time\" content=\"2023-08-21T08:43:26+00:00\" \/>\n<meta property=\"og:image\" content=\"https:\/\/ir-gemmology.ch\/wp-content\/uploads\/2022\/09\/ZELDA-1-300x208.png\" \/>\n<meta name=\"twitter:card\" content=\"summary_large_image\" \/>\n<meta name=\"twitter:label1\" content=\"Dur\u00e9e de lecture estim\u00e9e\" \/>\n\t<meta name=\"twitter:data1\" content=\"1 minute\" \/>\n<script type=\"application\/ld+json\" class=\"yoast-schema-graph\">{\"@context\":\"https:\\\/\\\/schema.org\",\"@graph\":[{\"@type\":\"WebPage\",\"@id\":\"https:\\\/\\\/ir-gemmology.ch\\\/\",\"url\":\"https:\\\/\\\/ir-gemmology.ch\\\/\",\"name\":\"Accueil - IR-Gemmology\",\"isPartOf\":{\"@id\":\"https:\\\/\\\/ir-gemmology.ch\\\/#website\"},\"primaryImageOfPage\":{\"@id\":\"https:\\\/\\\/ir-gemmology.ch\\\/#primaryimage\"},\"image\":{\"@id\":\"https:\\\/\\\/ir-gemmology.ch\\\/#primaryimage\"},\"thumbnailUrl\":\"https:\\\/\\\/ir-gemmology.ch\\\/wp-content\\\/uploads\\\/2022\\\/09\\\/ZELDA-1-300x208.png\",\"datePublished\":\"2019-07-09T13:01:09+00:00\",\"dateModified\":\"2023-08-21T08:43:26+00:00\",\"breadcrumb\":{\"@id\":\"https:\\\/\\\/ir-gemmology.ch\\\/#breadcrumb\"},\"inLanguage\":\"fr-FR\",\"potentialAction\":[{\"@type\":\"ReadAction\",\"target\":[\"https:\\\/\\\/ir-gemmology.ch\\\/\"]}]},{\"@type\":\"ImageObject\",\"inLanguage\":\"fr-FR\",\"@id\":\"https:\\\/\\\/ir-gemmology.ch\\\/#primaryimage\",\"url\":\"https:\\\/\\\/ir-gemmology.ch\\\/wp-content\\\/uploads\\\/2022\\\/09\\\/ZELDA-1.png\",\"contentUrl\":\"https:\\\/\\\/ir-gemmology.ch\\\/wp-content\\\/uploads\\\/2022\\\/09\\\/ZELDA-1.png\",\"width\":933,\"height\":646},{\"@type\":\"BreadcrumbList\",\"@id\":\"https:\\\/\\\/ir-gemmology.ch\\\/#breadcrumb\",\"itemListElement\":[{\"@type\":\"ListItem\",\"position\":1,\"name\":\"Accueil\",\"item\":\"https:\\\/\\\/ir-gemmology.ch\\\/\"},{\"@type\":\"ListItem\",\"position\":2,\"name\":\"Accueil\"}]},{\"@type\":\"WebSite\",\"@id\":\"https:\\\/\\\/ir-gemmology.ch\\\/#website\",\"url\":\"https:\\\/\\\/ir-gemmology.ch\\\/\",\"name\":\"IR-Gemmology\",\"description\":\"L&#039;Univers des pierres pr\u00e9cieuses.\",\"potentialAction\":[{\"@type\":\"SearchAction\",\"target\":{\"@type\":\"EntryPoint\",\"urlTemplate\":\"https:\\\/\\\/ir-gemmology.ch\\\/?s={search_term_string}\"},\"query-input\":{\"@type\":\"PropertyValueSpecification\",\"valueRequired\":true,\"valueName\":\"search_term_string\"}}],\"inLanguage\":\"fr-FR\"}]}<\/script>\n<!-- \/ Yoast SEO plugin. -->","yoast_head_json":{"title":"Accueil - IR-Gemmology","robots":{"index":"index","follow":"follow","max-snippet":"max-snippet:-1","max-image-preview":"max-image-preview:large","max-video-preview":"max-video-preview:-1"},"canonical":"https:\/\/ir-gemmology.ch\/","og_locale":"fr_FR","og_type":"article","og_title":"Accueil - IR-Gemmology","og_description":"&nbsp; &nbsp; Gemmologue dipl\u00f4m\u00e9e (HRD), experte en diamant \u00ab\u00a0Certified Diamond Grader\u00a0\u00bb (HRD) et dipl\u00f4m\u00e9e de l&rsquo;Universit\u00e9 de Nantes en gemmologie de laboratoire (DUG), nous expertisons vos pierres pr\u00e9cieuses, fines et ornementales, ainsi que les pierres de collection. Parall\u00e8lement, nous r\u00e9alisons l\u2019expertise de vos bijoux en vue de les assurer ou encore dans le cadre d\u2019une [&hellip;]","og_url":"https:\/\/ir-gemmology.ch\/","og_site_name":"IR-Gemmology","article_publisher":"https:\/\/www.facebook.com\/pg\/ingagem\/about\/?ref=page_internal","article_modified_time":"2023-08-21T08:43:26+00:00","og_image":[{"url":"https:\/\/ir-gemmology.ch\/wp-content\/uploads\/2022\/09\/ZELDA-1-300x208.png","type":"","width":"","height":""}],"twitter_card":"summary_large_image","twitter_misc":{"Dur\u00e9e de lecture estim\u00e9e":"1 minute"},"schema":{"@context":"https:\/\/schema.org","@graph":[{"@type":"WebPage","@id":"https:\/\/ir-gemmology.ch\/","url":"https:\/\/ir-gemmology.ch\/","name":"Accueil - IR-Gemmology","isPartOf":{"@id":"https:\/\/ir-gemmology.ch\/#website"},"primaryImageOfPage":{"@id":"https:\/\/ir-gemmology.ch\/#primaryimage"},"image":{"@id":"https:\/\/ir-gemmology.ch\/#primaryimage"},"thumbnailUrl":"https:\/\/ir-gemmology.ch\/wp-content\/uploads\/2022\/09\/ZELDA-1-300x208.png","datePublished":"2019-07-09T13:01:09+00:00","dateModified":"2023-08-21T08:43:26+00:00","breadcrumb":{"@id":"https:\/\/ir-gemmology.ch\/#breadcrumb"},"inLanguage":"fr-FR","potentialAction":[{"@type":"ReadAction","target":["https:\/\/ir-gemmology.ch\/"]}]},{"@type":"ImageObject","inLanguage":"fr-FR","@id":"https:\/\/ir-gemmology.ch\/#primaryimage","url":"https:\/\/ir-gemmology.ch\/wp-content\/uploads\/2022\/09\/ZELDA-1.png","contentUrl":"https:\/\/ir-gemmology.ch\/wp-content\/uploads\/2022\/09\/ZELDA-1.png","width":933,"height":646},{"@type":"BreadcrumbList","@id":"https:\/\/ir-gemmology.ch\/#breadcrumb","itemListElement":[{"@type":"ListItem","position":1,"name":"Accueil","item":"https:\/\/ir-gemmology.ch\/"},{"@type":"ListItem","position":2,"name":"Accueil"}]},{"@type":"WebSite","@id":"https:\/\/ir-gemmology.ch\/#website","url":"https:\/\/ir-gemmology.ch\/","name":"IR-Gemmology","description":"L&#039;Univers des pierres pr\u00e9cieuses.","potentialAction":[{"@type":"SearchAction","target":{"@type":"EntryPoint","urlTemplate":"https:\/\/ir-gemmology.ch\/?s={search_term_string}"},"query-input":{"@type":"PropertyValueSpecification","valueRequired":true,"valueName":"search_term_string"}}],"inLanguage":"fr-FR"}]}},"_links":{"self":[{"href":"https:\/\/ir-gemmology.ch\/index.php\/wp-json\/wp\/v2\/pages\/2","targetHints":{"allow":["GET"]}}],"collection":[{"href":"https:\/\/ir-gemmology.ch\/index.php\/wp-json\/wp\/v2\/pages"}],"about":[{"href":"https:\/\/ir-gemmology.ch\/index.php\/wp-json\/wp\/v2\/types\/page"}],"author":[{"embeddable":true,"href":"https:\/\/ir-gemmology.ch\/index.php\/wp-json\/wp\/v2\/users\/1"}],"replies":[{"embeddable":true,"href":"https:\/\/ir-gemmology.ch\/index.php\/wp-json\/wp\/v2\/comments?post=2"}],"version-history":[{"count":47,"href":"https:\/\/ir-gemmology.ch\/index.php\/wp-json\/wp\/v2\/pages\/2\/revisions"}],"predecessor-version":[{"id":2385,"href":"https:\/\/ir-gemmology.ch\/index.php\/wp-json\/wp\/v2\/pages\/2\/revisions\/2385"}],"wp:attachment":[{"href":"https:\/\/ir-gemmology.ch\/index.php\/wp-json\/wp\/v2\/media?parent=2"}],"curies":[{"name":"wp","href":"https:\/\/api.w.org\/{rel}","templated":true}]}}