{"id":18,"date":"2019-07-09T18:29:39","date_gmt":"2019-07-09T16:29:39","guid":{"rendered":"http:\/\/localhost:8888\/Gemmologie-IR\/WEB2019\/?page_id=18"},"modified":"2022-12-21T17:01:59","modified_gmt":"2022-12-21T16:01:59","slug":"designer","status":"publish","type":"page","link":"https:\/\/ir-gemmology.ch\/index.php\/designer\/","title":{"rendered":"Designer"},"content":{"rendered":"<p style=\"text-align: center;\"><img loading=\"lazy\" decoding=\"async\" class=\"size-medium wp-image-1964 aligncenter\" src=\"https:\/\/ir-gemmology.ch\/wp-content\/uploads\/2021\/02\/IMG_2187-300x202.jpeg\" alt=\"\" width=\"300\" height=\"202\" srcset=\"https:\/\/ir-gemmology.ch\/wp-content\/uploads\/2021\/02\/IMG_2187-300x202.jpeg 300w, https:\/\/ir-gemmology.ch\/wp-content\/uploads\/2021\/02\/IMG_2187.jpeg 432w\" sizes=\"auto, (max-width: 300px) 100vw, 300px\" \/><\/p>\n<p>&nbsp;<\/p>\n<p>&nbsp;<\/p>\n<p style=\"text-align: center;\">Nous proposons de cr\u00e9er votre bijou exclusif avec la ou les pierres de votre choix.<br \/>\nNous travaillons avec des pierres de qualit\u00e9 exceptionnelle et avec les m\u00eames fournisseurs des plus grandes joailleries de Gen\u00e8ve.<\/p>\n","protected":false},"excerpt":{"rendered":"<p>&nbsp; &nbsp; Nous proposons de cr\u00e9er votre bijou exclusif avec la ou les pierres de votre choix. Nous travaillons avec des pierres de qualit\u00e9 exceptionnelle et avec les m\u00eames fournisseurs des plus grandes joailleries de Gen\u00e8ve.<\/p>\n","protected":false},"author":1,"featured_media":0,"parent":0,"menu_order":0,"comment_status":"closed","ping_status":"closed","template":"","meta":{"_acf_changed":false,"footnotes":""},"class_list":["post-18","page","type-page","status-publish","hentry"],"acf":[],"yoast_head":"<!-- This site is optimized with the Yoast SEO plugin v27.5 - https:\/\/yoast.com\/product\/yoast-seo-wordpress\/ -->\n<title>Designer - IR-Gemmology<\/title>\n<meta name=\"robots\" content=\"index, follow, max-snippet:-1, max-image-preview:large, max-video-preview:-1\" \/>\n<link rel=\"canonical\" href=\"https:\/\/ir-gemmology.ch\/index.php\/designer\/\" \/>\n<meta property=\"og:locale\" content=\"fr_FR\" \/>\n<meta property=\"og:type\" content=\"article\" \/>\n<meta property=\"og:title\" content=\"Designer - IR-Gemmology\" \/>\n<meta property=\"og:description\" content=\"&nbsp; &nbsp; Nous proposons de cr\u00e9er votre bijou exclusif avec la ou les pierres de votre choix. Nous travaillons avec des pierres de qualit\u00e9 exceptionnelle et avec les m\u00eames fournisseurs des plus grandes joailleries de Gen\u00e8ve.\" \/>\n<meta property=\"og:url\" content=\"https:\/\/ir-gemmology.ch\/index.php\/designer\/\" \/>\n<meta property=\"og:site_name\" content=\"IR-Gemmology\" \/>\n<meta property=\"article:publisher\" content=\"https:\/\/www.facebook.com\/pg\/ingagem\/about\/?ref=page_internal\" \/>\n<meta property=\"article:modified_time\" content=\"2022-12-21T16:01:59+00:00\" \/>\n<meta property=\"og:image\" content=\"https:\/\/ir-gemmology.ch\/wp-content\/uploads\/2021\/02\/IMG_2187-300x202.jpeg\" \/>\n<meta name=\"twitter:card\" content=\"summary_large_image\" \/>\n<meta name=\"twitter:label1\" content=\"Dur\u00e9e de lecture estim\u00e9e\" \/>\n\t<meta name=\"twitter:data1\" content=\"1 minute\" \/>\n<script type=\"application\/ld+json\" class=\"yoast-schema-graph\">{\"@context\":\"https:\\\/\\\/schema.org\",\"@graph\":[{\"@type\":\"WebPage\",\"@id\":\"https:\\\/\\\/ir-gemmology.ch\\\/index.php\\\/designer\\\/\",\"url\":\"https:\\\/\\\/ir-gemmology.ch\\\/index.php\\\/designer\\\/\",\"name\":\"Designer - IR-Gemmology\",\"isPartOf\":{\"@id\":\"https:\\\/\\\/ir-gemmology.ch\\\/#website\"},\"primaryImageOfPage\":{\"@id\":\"https:\\\/\\\/ir-gemmology.ch\\\/index.php\\\/designer\\\/#primaryimage\"},\"image\":{\"@id\":\"https:\\\/\\\/ir-gemmology.ch\\\/index.php\\\/designer\\\/#primaryimage\"},\"thumbnailUrl\":\"https:\\\/\\\/ir-gemmology.ch\\\/wp-content\\\/uploads\\\/2021\\\/02\\\/IMG_2187-300x202.jpeg\",\"datePublished\":\"2019-07-09T16:29:39+00:00\",\"dateModified\":\"2022-12-21T16:01:59+00:00\",\"breadcrumb\":{\"@id\":\"https:\\\/\\\/ir-gemmology.ch\\\/index.php\\\/designer\\\/#breadcrumb\"},\"inLanguage\":\"fr-FR\",\"potentialAction\":[{\"@type\":\"ReadAction\",\"target\":[\"https:\\\/\\\/ir-gemmology.ch\\\/index.php\\\/designer\\\/\"]}]},{\"@type\":\"ImageObject\",\"inLanguage\":\"fr-FR\",\"@id\":\"https:\\\/\\\/ir-gemmology.ch\\\/index.php\\\/designer\\\/#primaryimage\",\"url\":\"https:\\\/\\\/ir-gemmology.ch\\\/wp-content\\\/uploads\\\/2021\\\/02\\\/IMG_2187.jpeg\",\"contentUrl\":\"https:\\\/\\\/ir-gemmology.ch\\\/wp-content\\\/uploads\\\/2021\\\/02\\\/IMG_2187.jpeg\",\"width\":432,\"height\":291},{\"@type\":\"BreadcrumbList\",\"@id\":\"https:\\\/\\\/ir-gemmology.ch\\\/index.php\\\/designer\\\/#breadcrumb\",\"itemListElement\":[{\"@type\":\"ListItem\",\"position\":1,\"name\":\"Accueil\",\"item\":\"https:\\\/\\\/ir-gemmology.ch\\\/\"},{\"@type\":\"ListItem\",\"position\":2,\"name\":\"Designer\"}]},{\"@type\":\"WebSite\",\"@id\":\"https:\\\/\\\/ir-gemmology.ch\\\/#website\",\"url\":\"https:\\\/\\\/ir-gemmology.ch\\\/\",\"name\":\"IR-Gemmology\",\"description\":\"L&#039;Univers des pierres pr\u00e9cieuses.\",\"potentialAction\":[{\"@type\":\"SearchAction\",\"target\":{\"@type\":\"EntryPoint\",\"urlTemplate\":\"https:\\\/\\\/ir-gemmology.ch\\\/?s={search_term_string}\"},\"query-input\":{\"@type\":\"PropertyValueSpecification\",\"valueRequired\":true,\"valueName\":\"search_term_string\"}}],\"inLanguage\":\"fr-FR\"}]}<\/script>\n<!-- \/ Yoast SEO plugin. -->","yoast_head_json":{"title":"Designer - IR-Gemmology","robots":{"index":"index","follow":"follow","max-snippet":"max-snippet:-1","max-image-preview":"max-image-preview:large","max-video-preview":"max-video-preview:-1"},"canonical":"https:\/\/ir-gemmology.ch\/index.php\/designer\/","og_locale":"fr_FR","og_type":"article","og_title":"Designer - IR-Gemmology","og_description":"&nbsp; &nbsp; Nous proposons de cr\u00e9er votre bijou exclusif avec la ou les pierres de votre choix. Nous travaillons avec des pierres de qualit\u00e9 exceptionnelle et avec les m\u00eames fournisseurs des plus grandes joailleries de Gen\u00e8ve.","og_url":"https:\/\/ir-gemmology.ch\/index.php\/designer\/","og_site_name":"IR-Gemmology","article_publisher":"https:\/\/www.facebook.com\/pg\/ingagem\/about\/?ref=page_internal","article_modified_time":"2022-12-21T16:01:59+00:00","og_image":[{"url":"https:\/\/ir-gemmology.ch\/wp-content\/uploads\/2021\/02\/IMG_2187-300x202.jpeg","type":"","width":"","height":""}],"twitter_card":"summary_large_image","twitter_misc":{"Dur\u00e9e de lecture estim\u00e9e":"1 minute"},"schema":{"@context":"https:\/\/schema.org","@graph":[{"@type":"WebPage","@id":"https:\/\/ir-gemmology.ch\/index.php\/designer\/","url":"https:\/\/ir-gemmology.ch\/index.php\/designer\/","name":"Designer - IR-Gemmology","isPartOf":{"@id":"https:\/\/ir-gemmology.ch\/#website"},"primaryImageOfPage":{"@id":"https:\/\/ir-gemmology.ch\/index.php\/designer\/#primaryimage"},"image":{"@id":"https:\/\/ir-gemmology.ch\/index.php\/designer\/#primaryimage"},"thumbnailUrl":"https:\/\/ir-gemmology.ch\/wp-content\/uploads\/2021\/02\/IMG_2187-300x202.jpeg","datePublished":"2019-07-09T16:29:39+00:00","dateModified":"2022-12-21T16:01:59+00:00","breadcrumb":{"@id":"https:\/\/ir-gemmology.ch\/index.php\/designer\/#breadcrumb"},"inLanguage":"fr-FR","potentialAction":[{"@type":"ReadAction","target":["https:\/\/ir-gemmology.ch\/index.php\/designer\/"]}]},{"@type":"ImageObject","inLanguage":"fr-FR","@id":"https:\/\/ir-gemmology.ch\/index.php\/designer\/#primaryimage","url":"https:\/\/ir-gemmology.ch\/wp-content\/uploads\/2021\/02\/IMG_2187.jpeg","contentUrl":"https:\/\/ir-gemmology.ch\/wp-content\/uploads\/2021\/02\/IMG_2187.jpeg","width":432,"height":291},{"@type":"BreadcrumbList","@id":"https:\/\/ir-gemmology.ch\/index.php\/designer\/#breadcrumb","itemListElement":[{"@type":"ListItem","position":1,"name":"Accueil","item":"https:\/\/ir-gemmology.ch\/"},{"@type":"ListItem","position":2,"name":"Designer"}]},{"@type":"WebSite","@id":"https:\/\/ir-gemmology.ch\/#website","url":"https:\/\/ir-gemmology.ch\/","name":"IR-Gemmology","description":"L&#039;Univers des pierres pr\u00e9cieuses.","potentialAction":[{"@type":"SearchAction","target":{"@type":"EntryPoint","urlTemplate":"https:\/\/ir-gemmology.ch\/?s={search_term_string}"},"query-input":{"@type":"PropertyValueSpecification","valueRequired":true,"valueName":"search_term_string"}}],"inLanguage":"fr-FR"}]}},"_links":{"self":[{"href":"https:\/\/ir-gemmology.ch\/index.php\/wp-json\/wp\/v2\/pages\/18","targetHints":{"allow":["GET"]}}],"collection":[{"href":"https:\/\/ir-gemmology.ch\/index.php\/wp-json\/wp\/v2\/pages"}],"about":[{"href":"https:\/\/ir-gemmology.ch\/index.php\/wp-json\/wp\/v2\/types\/page"}],"author":[{"embeddable":true,"href":"https:\/\/ir-gemmology.ch\/index.php\/wp-json\/wp\/v2\/users\/1"}],"replies":[{"embeddable":true,"href":"https:\/\/ir-gemmology.ch\/index.php\/wp-json\/wp\/v2\/comments?post=18"}],"version-history":[{"count":13,"href":"https:\/\/ir-gemmology.ch\/index.php\/wp-json\/wp\/v2\/pages\/18\/revisions"}],"predecessor-version":[{"id":1220,"href":"https:\/\/ir-gemmology.ch\/index.php\/wp-json\/wp\/v2\/pages\/18\/revisions\/1220"}],"wp:attachment":[{"href":"https:\/\/ir-gemmology.ch\/index.php\/wp-json\/wp\/v2\/media?parent=18"}],"curies":[{"name":"wp","href":"https:\/\/api.w.org\/{rel}","templated":true}]}}