{"id":14,"date":"2019-07-09T18:27:42","date_gmt":"2019-07-09T16:27:42","guid":{"rendered":"http:\/\/localhost:8888\/Gemmologie-IR\/WEB2019\/?page_id=14"},"modified":"2020-04-04T16:09:12","modified_gmt":"2020-04-04T14:09:12","slug":"expertise-estimation","status":"publish","type":"page","link":"https:\/\/ir-gemmology.ch\/index.php\/expertise-estimation\/","title":{"rendered":"Expertise &#038; Estimation"},"content":{"rendered":"\n\t\t<style type=\"text\/css\">\n\t\t\t#gallery-1 {\n\t\t\t\tmargin: auto;\n\t\t\t}\n\t\t\t#gallery-1 .gallery-item {\n\t\t\t\tfloat: left;\n\t\t\t\tmargin-top: 10px;\n\t\t\t\ttext-align: center;\n\t\t\t\twidth: 33%;\n\t\t\t}\n\t\t\t#gallery-1 img {\n\t\t\t\tborder: 2px solid #cfcfcf;\n\t\t\t}\n\t\t\t#gallery-1 .gallery-caption {\n\t\t\t\tmargin-left: 0;\n\t\t\t}\n\t\t\t\/* see gallery_shortcode() in wp-includes\/media.php *\/\n\t\t<\/style>\n\t\t<div id='gallery-1' class='gallery galleryid-14 gallery-columns-3 gallery-size-thumbnail'><dl class='gallery-item'>\n\t\t\t<dt class='gallery-icon landscape'>\n\t\t\t\t<a href='https:\/\/ir-gemmology.ch\/index.php\/expertise-estimation\/inga-raffestin-expertise\/'><img loading=\"lazy\" decoding=\"async\" width=\"150\" height=\"150\" src=\"https:\/\/ir-gemmology.ch\/wp-content\/uploads\/2020\/02\/Inga-Raffestin-Expertise-150x150.jpg\" class=\"attachment-thumbnail size-thumbnail\" alt=\"IR-Gemmology-Expertise\" \/><\/a>\n\t\t\t<\/dt><\/dl><dl class='gallery-item'>\n\t\t\t<dt class='gallery-icon landscape'>\n\t\t\t\t<a href='https:\/\/ir-gemmology.ch\/?attachment_id=1207'><img loading=\"lazy\" decoding=\"async\" width=\"150\" height=\"150\" src=\"https:\/\/ir-gemmology.ch\/wp-content\/uploads\/2020\/03\/IMG_0623-150x150.jpeg\" class=\"attachment-thumbnail size-thumbnail\" alt=\"\" srcset=\"https:\/\/ir-gemmology.ch\/wp-content\/uploads\/2020\/03\/IMG_0623-150x150.jpeg 150w, https:\/\/ir-gemmology.ch\/wp-content\/uploads\/2020\/03\/IMG_0623-365x365.jpeg 365w, https:\/\/ir-gemmology.ch\/wp-content\/uploads\/2020\/03\/IMG_0623-300x300.jpeg 300w, https:\/\/ir-gemmology.ch\/wp-content\/uploads\/2020\/03\/IMG_0623-100x100.jpeg 100w\" sizes=\"auto, (max-width: 150px) 100vw, 150px\" \/><\/a>\n\t\t\t<\/dt><\/dl><dl class='gallery-item'>\n\t\t\t<dt class='gallery-icon portrait'>\n\t\t\t\t<a href='https:\/\/ir-gemmology.ch\/index.php\/designer\/in8\/'><img loading=\"lazy\" decoding=\"async\" width=\"150\" height=\"150\" src=\"https:\/\/ir-gemmology.ch\/wp-content\/uploads\/2020\/04\/IN8-150x150.jpeg\" class=\"attachment-thumbnail size-thumbnail\" alt=\"\" srcset=\"https:\/\/ir-gemmology.ch\/wp-content\/uploads\/2020\/04\/IN8-150x150.jpeg 150w, https:\/\/ir-gemmology.ch\/wp-content\/uploads\/2020\/04\/IN8-365x365.jpeg 365w, https:\/\/ir-gemmology.ch\/wp-content\/uploads\/2020\/04\/IN8-300x300.jpeg 300w, https:\/\/ir-gemmology.ch\/wp-content\/uploads\/2020\/04\/IN8-100x100.jpeg 100w\" sizes=\"auto, (max-width: 150px) 100vw, 150px\" \/><\/a>\n\t\t\t<\/dt><\/dl><br style=\"clear: both\" \/>\n\t\t<\/div>\n\n<p>Notre expertise aura comme objectif de d\u00e9terminer la qualit\u00e9 des pierres fines et pr\u00e9cieuses, d&rsquo;ornement ou de collection, et d\u2019en fixer la valeur.<\/p>\n<div class=\"group btmspace-50 demo\">\n<div class=\"one_half first\">\n<ul>\n<li>Authentification et certification de pierres pr\u00e9cieuses, fines et ornementales.<\/li>\n<li>Authentification et certification de pierres synth\u00e9tiques, artificielles ou d\u2019imitation.<\/li>\n<li>Identification de traitements sur les pierres.<\/li>\n<li>D\u00e9termination des 4C pour un diamant.<\/li>\n<\/ul>\n<h3>Estimations<\/h3>\n<\/div>\n<div class=\"one_half\">\n<h3>Pour les assurances<\/h3>\n<ul>\n<li>Expertise lors de la r\u00e9alisation d\u2019un contrat d\u2019assurance (valeur \u00e0 neuf).<\/li>\n<li>Expertise apr\u00e8s un sinistre (valeur d\u2019usage).<\/li>\n<\/ul>\n<\/div>\n<div class=\"one_half first\">\n<h3>Pour les avocats et notaires<\/h3>\n<ul>\n<li>Transmission de patrimoine et succession (valeur de partage).<\/li>\n<\/ul>\n<h3>Pour les bijoutiers et les joailliers<\/h3>\n<ul>\n<li>Elaboration d\u2019une fiche d\u2019identit\u00e9 avec photographie.<\/li>\n<\/ul>\n<h3>Pour les particuliers<\/h3>\n<ul>\n<li>Dans le cas d\u2019une vente entre priv\u00e9s.<\/li>\n<li>En valeur de remplacement (valeur \u00e0 neuf ou d\u2019usage).<\/li>\n<li>En valeur de partage (succession).<\/li>\n<\/ul>\n<\/div>\n<div class=\"one_half\">\n<h3>Devis<\/h3>\n<ul>\n<li>Un devis pourra \u00eatre \u00e9tabli sans obligation de votre part. Si celui-ci vous convient, nous expertisons vos biens dans notre cabinet ou \u00e0 votre domicile.<\/li>\n<li>L\u2019expertise est trait\u00e9e dans la plus grande confidentialit\u00e9.<\/li>\n<li>L\u2019expertise comprend une analyse d\u00e9taill\u00e9e du bien ainsi que des photos haute d\u00e9finition.<\/li>\n<li>Les honoraires sont calcul\u00e9s sur la base d\u2019un tarif horaire (\u00e0 partir de 60 CHF\/heure).<\/li>\n<li>Des frais de dossier, d\u2019assurance ainsi que des co\u00fbts li\u00e9s aux photographies pourront \u00eatre per\u00e7us.<\/li>\n<\/ul>\n<\/div>\n<\/div>\n<p>&nbsp;<\/p>\n<p>&nbsp;<\/p>\n<p>&nbsp;<\/p>\n","protected":false},"excerpt":{"rendered":"<p>Notre expertise aura comme objectif de d\u00e9terminer la qualit\u00e9 des pierres fines et pr\u00e9cieuses, d&rsquo;ornement ou de collection, et d\u2019en fixer la valeur. Authentification et certification de pierres pr\u00e9cieuses, fines et ornementales. Authentification et certification de pierres synth\u00e9tiques, artificielles ou d\u2019imitation. Identification de traitements sur les pierres. D\u00e9termination des 4C pour un diamant. Estimations Pour [&hellip;]<\/p>\n","protected":false},"author":1,"featured_media":0,"parent":0,"menu_order":0,"comment_status":"closed","ping_status":"closed","template":"","meta":{"_acf_changed":false,"footnotes":""},"class_list":["post-14","page","type-page","status-publish","hentry"],"acf":[],"yoast_head":"<!-- This site is optimized with the Yoast SEO plugin v27.5 - https:\/\/yoast.com\/product\/yoast-seo-wordpress\/ -->\n<title>Expertise &amp; Estimation - IR-Gemmology<\/title>\n<meta name=\"robots\" content=\"index, follow, max-snippet:-1, max-image-preview:large, max-video-preview:-1\" \/>\n<link rel=\"canonical\" href=\"https:\/\/ir-gemmology.ch\/index.php\/expertise-estimation\/\" \/>\n<meta property=\"og:locale\" content=\"fr_FR\" \/>\n<meta property=\"og:type\" content=\"article\" \/>\n<meta property=\"og:title\" content=\"Expertise &amp; Estimation - IR-Gemmology\" \/>\n<meta property=\"og:description\" content=\"Notre expertise aura comme objectif de d\u00e9terminer la qualit\u00e9 des pierres fines et pr\u00e9cieuses, d&rsquo;ornement ou de collection, et d\u2019en fixer la valeur. Authentification et certification de pierres pr\u00e9cieuses, fines et ornementales. Authentification et certification de pierres synth\u00e9tiques, artificielles ou d\u2019imitation. Identification de traitements sur les pierres. D\u00e9termination des 4C pour un diamant. Estimations Pour [&hellip;]\" \/>\n<meta property=\"og:url\" content=\"https:\/\/ir-gemmology.ch\/index.php\/expertise-estimation\/\" \/>\n<meta property=\"og:site_name\" content=\"IR-Gemmology\" \/>\n<meta property=\"article:publisher\" content=\"https:\/\/www.facebook.com\/pg\/ingagem\/about\/?ref=page_internal\" \/>\n<meta property=\"article:modified_time\" content=\"2020-04-04T14:09:12+00:00\" \/>\n<meta property=\"og:image\" content=\"https:\/\/ir-gemmology.ch\/wp-content\/uploads\/2020\/02\/Inga-Raffestin-Expertise-150x150.jpg\" \/>\n<meta name=\"twitter:card\" content=\"summary_large_image\" \/>\n<meta name=\"twitter:label1\" content=\"Dur\u00e9e de lecture estim\u00e9e\" \/>\n\t<meta name=\"twitter:data1\" content=\"1 minute\" \/>\n<script type=\"application\/ld+json\" class=\"yoast-schema-graph\">{\"@context\":\"https:\\\/\\\/schema.org\",\"@graph\":[{\"@type\":\"WebPage\",\"@id\":\"https:\\\/\\\/ir-gemmology.ch\\\/index.php\\\/expertise-estimation\\\/\",\"url\":\"https:\\\/\\\/ir-gemmology.ch\\\/index.php\\\/expertise-estimation\\\/\",\"name\":\"Expertise & Estimation - IR-Gemmology\",\"isPartOf\":{\"@id\":\"https:\\\/\\\/ir-gemmology.ch\\\/#website\"},\"datePublished\":\"2019-07-09T16:27:42+00:00\",\"dateModified\":\"2020-04-04T14:09:12+00:00\",\"breadcrumb\":{\"@id\":\"https:\\\/\\\/ir-gemmology.ch\\\/index.php\\\/expertise-estimation\\\/#breadcrumb\"},\"inLanguage\":\"fr-FR\",\"potentialAction\":[{\"@type\":\"ReadAction\",\"target\":[\"https:\\\/\\\/ir-gemmology.ch\\\/index.php\\\/expertise-estimation\\\/\"]}]},{\"@type\":\"BreadcrumbList\",\"@id\":\"https:\\\/\\\/ir-gemmology.ch\\\/index.php\\\/expertise-estimation\\\/#breadcrumb\",\"itemListElement\":[{\"@type\":\"ListItem\",\"position\":1,\"name\":\"Accueil\",\"item\":\"https:\\\/\\\/ir-gemmology.ch\\\/\"},{\"@type\":\"ListItem\",\"position\":2,\"name\":\"Expertise &#038; Estimation\"}]},{\"@type\":\"WebSite\",\"@id\":\"https:\\\/\\\/ir-gemmology.ch\\\/#website\",\"url\":\"https:\\\/\\\/ir-gemmology.ch\\\/\",\"name\":\"IR-Gemmology\",\"description\":\"L&#039;Univers des pierres pr\u00e9cieuses.\",\"potentialAction\":[{\"@type\":\"SearchAction\",\"target\":{\"@type\":\"EntryPoint\",\"urlTemplate\":\"https:\\\/\\\/ir-gemmology.ch\\\/?s={search_term_string}\"},\"query-input\":{\"@type\":\"PropertyValueSpecification\",\"valueRequired\":true,\"valueName\":\"search_term_string\"}}],\"inLanguage\":\"fr-FR\"}]}<\/script>\n<!-- \/ Yoast SEO plugin. -->","yoast_head_json":{"title":"Expertise & Estimation - IR-Gemmology","robots":{"index":"index","follow":"follow","max-snippet":"max-snippet:-1","max-image-preview":"max-image-preview:large","max-video-preview":"max-video-preview:-1"},"canonical":"https:\/\/ir-gemmology.ch\/index.php\/expertise-estimation\/","og_locale":"fr_FR","og_type":"article","og_title":"Expertise & Estimation - IR-Gemmology","og_description":"Notre expertise aura comme objectif de d\u00e9terminer la qualit\u00e9 des pierres fines et pr\u00e9cieuses, d&rsquo;ornement ou de collection, et d\u2019en fixer la valeur. Authentification et certification de pierres pr\u00e9cieuses, fines et ornementales. Authentification et certification de pierres synth\u00e9tiques, artificielles ou d\u2019imitation. Identification de traitements sur les pierres. D\u00e9termination des 4C pour un diamant. Estimations Pour [&hellip;]","og_url":"https:\/\/ir-gemmology.ch\/index.php\/expertise-estimation\/","og_site_name":"IR-Gemmology","article_publisher":"https:\/\/www.facebook.com\/pg\/ingagem\/about\/?ref=page_internal","article_modified_time":"2020-04-04T14:09:12+00:00","og_image":[{"url":"https:\/\/ir-gemmology.ch\/wp-content\/uploads\/2020\/02\/Inga-Raffestin-Expertise-150x150.jpg","type":"","width":"","height":""}],"twitter_card":"summary_large_image","twitter_misc":{"Dur\u00e9e de lecture estim\u00e9e":"1 minute"},"schema":{"@context":"https:\/\/schema.org","@graph":[{"@type":"WebPage","@id":"https:\/\/ir-gemmology.ch\/index.php\/expertise-estimation\/","url":"https:\/\/ir-gemmology.ch\/index.php\/expertise-estimation\/","name":"Expertise & Estimation - IR-Gemmology","isPartOf":{"@id":"https:\/\/ir-gemmology.ch\/#website"},"datePublished":"2019-07-09T16:27:42+00:00","dateModified":"2020-04-04T14:09:12+00:00","breadcrumb":{"@id":"https:\/\/ir-gemmology.ch\/index.php\/expertise-estimation\/#breadcrumb"},"inLanguage":"fr-FR","potentialAction":[{"@type":"ReadAction","target":["https:\/\/ir-gemmology.ch\/index.php\/expertise-estimation\/"]}]},{"@type":"BreadcrumbList","@id":"https:\/\/ir-gemmology.ch\/index.php\/expertise-estimation\/#breadcrumb","itemListElement":[{"@type":"ListItem","position":1,"name":"Accueil","item":"https:\/\/ir-gemmology.ch\/"},{"@type":"ListItem","position":2,"name":"Expertise &#038; Estimation"}]},{"@type":"WebSite","@id":"https:\/\/ir-gemmology.ch\/#website","url":"https:\/\/ir-gemmology.ch\/","name":"IR-Gemmology","description":"L&#039;Univers des pierres pr\u00e9cieuses.","potentialAction":[{"@type":"SearchAction","target":{"@type":"EntryPoint","urlTemplate":"https:\/\/ir-gemmology.ch\/?s={search_term_string}"},"query-input":{"@type":"PropertyValueSpecification","valueRequired":true,"valueName":"search_term_string"}}],"inLanguage":"fr-FR"}]}},"_links":{"self":[{"href":"https:\/\/ir-gemmology.ch\/index.php\/wp-json\/wp\/v2\/pages\/14","targetHints":{"allow":["GET"]}}],"collection":[{"href":"https:\/\/ir-gemmology.ch\/index.php\/wp-json\/wp\/v2\/pages"}],"about":[{"href":"https:\/\/ir-gemmology.ch\/index.php\/wp-json\/wp\/v2\/types\/page"}],"author":[{"embeddable":true,"href":"https:\/\/ir-gemmology.ch\/index.php\/wp-json\/wp\/v2\/users\/1"}],"replies":[{"embeddable":true,"href":"https:\/\/ir-gemmology.ch\/index.php\/wp-json\/wp\/v2\/comments?post=14"}],"version-history":[{"count":18,"href":"https:\/\/ir-gemmology.ch\/index.php\/wp-json\/wp\/v2\/pages\/14\/revisions"}],"predecessor-version":[{"id":1338,"href":"https:\/\/ir-gemmology.ch\/index.php\/wp-json\/wp\/v2\/pages\/14\/revisions\/1338"}],"wp:attachment":[{"href":"https:\/\/ir-gemmology.ch\/index.php\/wp-json\/wp\/v2\/media?parent=14"}],"curies":[{"name":"wp","href":"https:\/\/api.w.org\/{rel}","templated":true}]}}