{"id":11,"date":"2019-07-09T18:25:26","date_gmt":"2019-07-09T16:25:26","guid":{"rendered":"http:\/\/localhost:8888\/Gemmologie-IR\/WEB2019\/?page_id=11"},"modified":"2023-08-21T10:45:31","modified_gmt":"2023-08-21T08:45:31","slug":"presentation","status":"publish","type":"page","link":"https:\/\/ir-gemmology.ch\/index.php\/presentation\/","title":{"rendered":"Pr\u00e9sentation"},"content":{"rendered":"<p>&nbsp;<\/p>\n<p>&nbsp;<\/p>\n<p style=\"text-align: center;\">\u00a0 \u00a0<img loading=\"lazy\" decoding=\"async\" class=\"wp-image-1311 alignnone\" src=\"https:\/\/ir-gemmology.ch\/wp-content\/uploads\/2020\/04\/IN1-300x285.jpeg\" alt=\"\" width=\"515\" height=\"489\" srcset=\"https:\/\/ir-gemmology.ch\/wp-content\/uploads\/2020\/04\/IN1-300x285.jpeg 300w, https:\/\/ir-gemmology.ch\/wp-content\/uploads\/2020\/04\/IN1-1024x973.jpeg 1024w, https:\/\/ir-gemmology.ch\/wp-content\/uploads\/2020\/04\/IN1-768x730.jpeg 768w, https:\/\/ir-gemmology.ch\/wp-content\/uploads\/2020\/04\/IN1-1536x1460.jpeg 1536w, https:\/\/ir-gemmology.ch\/wp-content\/uploads\/2020\/04\/IN1-2048x1947.jpeg 2048w, https:\/\/ir-gemmology.ch\/wp-content\/uploads\/2020\/04\/IN1-600x570.jpeg 600w\" sizes=\"auto, (max-width: 515px) 100vw, 515px\" \/><\/p>\n<p>&nbsp;<\/p>\n<p class=\"nospace\" style=\"text-align: left;\">Passionn\u00e9e depuis toujours par l&rsquo;univers des pierres fines et pr\u00e9cieuses et apr\u00e8s une longue exp\u00e9rience dans le domaine de la joaillerie et de l&rsquo;horlogerie de luxe \u00e0 Gen\u00e8ve, nous avons\u00a0 d\u00e9cid\u00e9 d\u2019entreprendre une formation de gemmologue. C\u2019est en 2015, au prestigieux institut <span style=\"color: #0000ff;\"><a style=\"color: #0000ff;\" href=\"http:\/\/www.hrdantwerp.com\/en\/home\" target=\"_blank\" rel=\"noopener noreferrer\">Hoge Raas voor Diamant<\/a><\/span> <span style=\"color: #0000ff;\">(HRD)<\/span> d\u2019Anvers que nous avons obtenu notre dipl\u00f4me de gemmologue, compl\u00e9t\u00e9 par une sp\u00e9cialisation dans les diamants bruts et taill\u00e9s. En 2017, apr\u00e8s deux ann\u00e9es d&rsquo;\u00e9tude, nous avons obtenu notre Dipl\u00f4me Universitaire en Gemmologie de laboratoire \u00e0 l&rsquo;<span style=\"color: #0000ff;\"><a style=\"color: #0000ff;\" href=\"https:\/\/www.univ-nantes.fr\/\">Universit\u00e9 de Nantes<\/a> (DUG)<\/span>.<\/p>\n<p>&nbsp;<\/p>\n<p class=\"nospace\" style=\"text-align: left;\">\u012a\u0158-GEMMOLOGIE vous permettra d\u2019une part, de faire estimer et expertiser vos pierres pr\u00e9cieuses, fines et ornementales, ainsi que vos pierres de collection et d\u2019autre part, d&rsquo;\u00eatre accompagn\u00e9 et conseill\u00e9 dans l\u2019achat et\/ou la vente de vos bijoux.<\/p>\n<p>&nbsp;<\/p>\n","protected":false},"excerpt":{"rendered":"<p>&nbsp; &nbsp; \u00a0 \u00a0 &nbsp; Passionn\u00e9e depuis toujours par l&rsquo;univers des pierres fines et pr\u00e9cieuses et apr\u00e8s une longue exp\u00e9rience dans le domaine de la joaillerie et de l&rsquo;horlogerie de luxe \u00e0 Gen\u00e8ve, nous avons\u00a0 d\u00e9cid\u00e9 d\u2019entreprendre une formation de gemmologue. C\u2019est en 2015, au prestigieux institut Hoge Raas voor Diamant (HRD) d\u2019Anvers que nous [&hellip;]<\/p>\n","protected":false},"author":1,"featured_media":0,"parent":0,"menu_order":0,"comment_status":"closed","ping_status":"closed","template":"","meta":{"_acf_changed":false,"footnotes":""},"class_list":["post-11","page","type-page","status-publish","hentry"],"acf":[],"yoast_head":"<!-- This site is optimized with the Yoast SEO plugin v27.5 - https:\/\/yoast.com\/product\/yoast-seo-wordpress\/ -->\n<title>Pr\u00e9sentation - IR-Gemmology<\/title>\n<meta name=\"robots\" content=\"index, follow, max-snippet:-1, max-image-preview:large, max-video-preview:-1\" \/>\n<link rel=\"canonical\" href=\"https:\/\/ir-gemmology.ch\/index.php\/presentation\/\" \/>\n<meta property=\"og:locale\" content=\"fr_FR\" \/>\n<meta property=\"og:type\" content=\"article\" \/>\n<meta property=\"og:title\" content=\"Pr\u00e9sentation - IR-Gemmology\" \/>\n<meta property=\"og:description\" content=\"&nbsp; &nbsp; \u00a0 \u00a0 &nbsp; Passionn\u00e9e depuis toujours par l&rsquo;univers des pierres fines et pr\u00e9cieuses et apr\u00e8s une longue exp\u00e9rience dans le domaine de la joaillerie et de l&rsquo;horlogerie de luxe \u00e0 Gen\u00e8ve, nous avons\u00a0 d\u00e9cid\u00e9 d\u2019entreprendre une formation de gemmologue. C\u2019est en 2015, au prestigieux institut Hoge Raas voor Diamant (HRD) d\u2019Anvers que nous [&hellip;]\" \/>\n<meta property=\"og:url\" content=\"https:\/\/ir-gemmology.ch\/index.php\/presentation\/\" \/>\n<meta property=\"og:site_name\" content=\"IR-Gemmology\" \/>\n<meta property=\"article:publisher\" content=\"https:\/\/www.facebook.com\/pg\/ingagem\/about\/?ref=page_internal\" \/>\n<meta property=\"article:modified_time\" content=\"2023-08-21T08:45:31+00:00\" \/>\n<meta property=\"og:image\" content=\"https:\/\/ir-gemmology.ch\/wp-content\/uploads\/2020\/04\/IN1-300x285.jpeg\" \/>\n<meta name=\"twitter:card\" content=\"summary_large_image\" \/>\n<meta name=\"twitter:label1\" content=\"Dur\u00e9e de lecture estim\u00e9e\" \/>\n\t<meta name=\"twitter:data1\" content=\"1 minute\" \/>\n<script type=\"application\/ld+json\" class=\"yoast-schema-graph\">{\"@context\":\"https:\\\/\\\/schema.org\",\"@graph\":[{\"@type\":\"WebPage\",\"@id\":\"https:\\\/\\\/ir-gemmology.ch\\\/index.php\\\/presentation\\\/\",\"url\":\"https:\\\/\\\/ir-gemmology.ch\\\/index.php\\\/presentation\\\/\",\"name\":\"Pr\u00e9sentation - IR-Gemmology\",\"isPartOf\":{\"@id\":\"https:\\\/\\\/ir-gemmology.ch\\\/#website\"},\"primaryImageOfPage\":{\"@id\":\"https:\\\/\\\/ir-gemmology.ch\\\/index.php\\\/presentation\\\/#primaryimage\"},\"image\":{\"@id\":\"https:\\\/\\\/ir-gemmology.ch\\\/index.php\\\/presentation\\\/#primaryimage\"},\"thumbnailUrl\":\"https:\\\/\\\/ir-gemmology.ch\\\/wp-content\\\/uploads\\\/2020\\\/04\\\/IN1-300x285.jpeg\",\"datePublished\":\"2019-07-09T16:25:26+00:00\",\"dateModified\":\"2023-08-21T08:45:31+00:00\",\"breadcrumb\":{\"@id\":\"https:\\\/\\\/ir-gemmology.ch\\\/index.php\\\/presentation\\\/#breadcrumb\"},\"inLanguage\":\"fr-FR\",\"potentialAction\":[{\"@type\":\"ReadAction\",\"target\":[\"https:\\\/\\\/ir-gemmology.ch\\\/index.php\\\/presentation\\\/\"]}]},{\"@type\":\"ImageObject\",\"inLanguage\":\"fr-FR\",\"@id\":\"https:\\\/\\\/ir-gemmology.ch\\\/index.php\\\/presentation\\\/#primaryimage\",\"url\":\"https:\\\/\\\/ir-gemmology.ch\\\/wp-content\\\/uploads\\\/2020\\\/04\\\/IN1-300x285.jpeg\",\"contentUrl\":\"https:\\\/\\\/ir-gemmology.ch\\\/wp-content\\\/uploads\\\/2020\\\/04\\\/IN1-300x285.jpeg\"},{\"@type\":\"BreadcrumbList\",\"@id\":\"https:\\\/\\\/ir-gemmology.ch\\\/index.php\\\/presentation\\\/#breadcrumb\",\"itemListElement\":[{\"@type\":\"ListItem\",\"position\":1,\"name\":\"Accueil\",\"item\":\"https:\\\/\\\/ir-gemmology.ch\\\/\"},{\"@type\":\"ListItem\",\"position\":2,\"name\":\"Pr\u00e9sentation\"}]},{\"@type\":\"WebSite\",\"@id\":\"https:\\\/\\\/ir-gemmology.ch\\\/#website\",\"url\":\"https:\\\/\\\/ir-gemmology.ch\\\/\",\"name\":\"IR-Gemmology\",\"description\":\"L&#039;Univers des pierres pr\u00e9cieuses.\",\"potentialAction\":[{\"@type\":\"SearchAction\",\"target\":{\"@type\":\"EntryPoint\",\"urlTemplate\":\"https:\\\/\\\/ir-gemmology.ch\\\/?s={search_term_string}\"},\"query-input\":{\"@type\":\"PropertyValueSpecification\",\"valueRequired\":true,\"valueName\":\"search_term_string\"}}],\"inLanguage\":\"fr-FR\"}]}<\/script>\n<!-- \/ Yoast SEO plugin. -->","yoast_head_json":{"title":"Pr\u00e9sentation - IR-Gemmology","robots":{"index":"index","follow":"follow","max-snippet":"max-snippet:-1","max-image-preview":"max-image-preview:large","max-video-preview":"max-video-preview:-1"},"canonical":"https:\/\/ir-gemmology.ch\/index.php\/presentation\/","og_locale":"fr_FR","og_type":"article","og_title":"Pr\u00e9sentation - IR-Gemmology","og_description":"&nbsp; &nbsp; \u00a0 \u00a0 &nbsp; Passionn\u00e9e depuis toujours par l&rsquo;univers des pierres fines et pr\u00e9cieuses et apr\u00e8s une longue exp\u00e9rience dans le domaine de la joaillerie et de l&rsquo;horlogerie de luxe \u00e0 Gen\u00e8ve, nous avons\u00a0 d\u00e9cid\u00e9 d\u2019entreprendre une formation de gemmologue. C\u2019est en 2015, au prestigieux institut Hoge Raas voor Diamant (HRD) d\u2019Anvers que nous [&hellip;]","og_url":"https:\/\/ir-gemmology.ch\/index.php\/presentation\/","og_site_name":"IR-Gemmology","article_publisher":"https:\/\/www.facebook.com\/pg\/ingagem\/about\/?ref=page_internal","article_modified_time":"2023-08-21T08:45:31+00:00","og_image":[{"url":"https:\/\/ir-gemmology.ch\/wp-content\/uploads\/2020\/04\/IN1-300x285.jpeg","type":"","width":"","height":""}],"twitter_card":"summary_large_image","twitter_misc":{"Dur\u00e9e de lecture estim\u00e9e":"1 minute"},"schema":{"@context":"https:\/\/schema.org","@graph":[{"@type":"WebPage","@id":"https:\/\/ir-gemmology.ch\/index.php\/presentation\/","url":"https:\/\/ir-gemmology.ch\/index.php\/presentation\/","name":"Pr\u00e9sentation - IR-Gemmology","isPartOf":{"@id":"https:\/\/ir-gemmology.ch\/#website"},"primaryImageOfPage":{"@id":"https:\/\/ir-gemmology.ch\/index.php\/presentation\/#primaryimage"},"image":{"@id":"https:\/\/ir-gemmology.ch\/index.php\/presentation\/#primaryimage"},"thumbnailUrl":"https:\/\/ir-gemmology.ch\/wp-content\/uploads\/2020\/04\/IN1-300x285.jpeg","datePublished":"2019-07-09T16:25:26+00:00","dateModified":"2023-08-21T08:45:31+00:00","breadcrumb":{"@id":"https:\/\/ir-gemmology.ch\/index.php\/presentation\/#breadcrumb"},"inLanguage":"fr-FR","potentialAction":[{"@type":"ReadAction","target":["https:\/\/ir-gemmology.ch\/index.php\/presentation\/"]}]},{"@type":"ImageObject","inLanguage":"fr-FR","@id":"https:\/\/ir-gemmology.ch\/index.php\/presentation\/#primaryimage","url":"https:\/\/ir-gemmology.ch\/wp-content\/uploads\/2020\/04\/IN1-300x285.jpeg","contentUrl":"https:\/\/ir-gemmology.ch\/wp-content\/uploads\/2020\/04\/IN1-300x285.jpeg"},{"@type":"BreadcrumbList","@id":"https:\/\/ir-gemmology.ch\/index.php\/presentation\/#breadcrumb","itemListElement":[{"@type":"ListItem","position":1,"name":"Accueil","item":"https:\/\/ir-gemmology.ch\/"},{"@type":"ListItem","position":2,"name":"Pr\u00e9sentation"}]},{"@type":"WebSite","@id":"https:\/\/ir-gemmology.ch\/#website","url":"https:\/\/ir-gemmology.ch\/","name":"IR-Gemmology","description":"L&#039;Univers des pierres pr\u00e9cieuses.","potentialAction":[{"@type":"SearchAction","target":{"@type":"EntryPoint","urlTemplate":"https:\/\/ir-gemmology.ch\/?s={search_term_string}"},"query-input":{"@type":"PropertyValueSpecification","valueRequired":true,"valueName":"search_term_string"}}],"inLanguage":"fr-FR"}]}},"_links":{"self":[{"href":"https:\/\/ir-gemmology.ch\/index.php\/wp-json\/wp\/v2\/pages\/11","targetHints":{"allow":["GET"]}}],"collection":[{"href":"https:\/\/ir-gemmology.ch\/index.php\/wp-json\/wp\/v2\/pages"}],"about":[{"href":"https:\/\/ir-gemmology.ch\/index.php\/wp-json\/wp\/v2\/types\/page"}],"author":[{"embeddable":true,"href":"https:\/\/ir-gemmology.ch\/index.php\/wp-json\/wp\/v2\/users\/1"}],"replies":[{"embeddable":true,"href":"https:\/\/ir-gemmology.ch\/index.php\/wp-json\/wp\/v2\/comments?post=11"}],"version-history":[{"count":62,"href":"https:\/\/ir-gemmology.ch\/index.php\/wp-json\/wp\/v2\/pages\/11\/revisions"}],"predecessor-version":[{"id":2387,"href":"https:\/\/ir-gemmology.ch\/index.php\/wp-json\/wp\/v2\/pages\/11\/revisions\/2387"}],"wp:attachment":[{"href":"https:\/\/ir-gemmology.ch\/index.php\/wp-json\/wp\/v2\/media?parent=11"}],"curies":[{"name":"wp","href":"https:\/\/api.w.org\/{rel}","templated":true}]}}